{"id":147,"date":"2023-03-29T14:35:50","date_gmt":"2023-03-29T12:35:50","guid":{"rendered":"https:\/\/ideat.be\/fr\/?page_id=147"},"modified":"2026-04-17T10:40:41","modified_gmt":"2026-04-17T08:40:41","slug":"contact","status":"publish","type":"page","link":"https:\/\/ideat.be\/fr\/contact\/","title":{"rendered":"CONTACT"},"content":{"rendered":"","protected":false},"excerpt":{"rendered":"IDEAT Benelux est une licence du magazine IDEAT \u00e9dit\u00e9e par Ventures Media\n&nbsp;\nAdministrateur d\u00e9l\u00e9gu\u00e9 :\u00a0Bernard de Wasseige\nDirecteur :\u00a0Florian de Wasseige\nAdresse : 431D, Chauss\u00e9e de Louvain, 1380 Lasne, Belgique\nT\u00e9l.","protected":false},"author":2,"featured_media":0,"parent":0,"menu_order":0,"comment_status":"closed","ping_status":"closed","template":"","meta":{"footnotes":""},"class_list":["post-147","page","type-page","status-publish","hentry"],"acf":[],"_links":{"self":[{"href":"https:\/\/ideat.be\/fr\/wp-json\/wp\/v2\/pages\/147","targetHints":{"allow":["GET"]}}],"collection":[{"href":"https:\/\/ideat.be\/fr\/wp-json\/wp\/v2\/pages"}],"about":[{"href":"https:\/\/ideat.be\/fr\/wp-json\/wp\/v2\/types\/page"}],"author":[{"embeddable":true,"href":"https:\/\/ideat.be\/fr\/wp-json\/wp\/v2\/users\/2"}],"replies":[{"embeddable":true,"href":"https:\/\/ideat.be\/fr\/wp-json\/wp\/v2\/comments?post=147"}],"version-history":[{"count":6,"href":"https:\/\/ideat.be\/fr\/wp-json\/wp\/v2\/pages\/147\/revisions"}],"predecessor-version":[{"id":2748,"href":"https:\/\/ideat.be\/fr\/wp-json\/wp\/v2\/pages\/147\/revisions\/2748"}],"wp:attachment":[{"href":"https:\/\/ideat.be\/fr\/wp-json\/wp\/v2\/media?parent=147"}],"curies":[{"name":"wp","href":"https:\/\/api.w.org\/{rel}","templated":true}]}}