{"id":148,"date":"2023-03-29T14:35:51","date_gmt":"2023-03-29T12:35:51","guid":{"rendered":"https:\/\/ideat.be\/fr\/?page_id=148"},"modified":"2025-03-25T12:51:13","modified_gmt":"2025-03-25T11:51:13","slug":"advertising","status":"publish","type":"page","link":"https:\/\/ideat.be\/fr\/advertising\/","title":{"rendered":"ADVERTISING"},"content":{"rendered":"","protected":false},"excerpt":{"rendered":"Publicit\u00e9\u00a0mais aussi op\u00e9rations sp\u00e9ciales, production de contenus et d\u2019\u00e9v\u00e8nements online et offline, IDEAT Benelux et Ventures Media d\u00e9veloppent un espace de libert\u00e9 et de cr\u00e9ativit\u00e9 au service des marques ! \nPrenez contact avec nos \u00e9quipes d\u00e8s aujourd&rsquo;hui !\nR\u00e9gie publicitaire\u00a0\nDirecteur\u00b7ice\u00b7s des ventes : \u00c9lodie Andriveau; Philippe De Jonghe; Isabelle Ferier; Caroline Fiers; Kelly Gielis; Margaux Leymarie; Catherine Limon; Alexia Neefs; Johanna Webb\nDirectrice p\u00f4le international : Ana Matut\nRepr\u00e9sentant Italie : Bernard Kedzierski (K.","protected":false},"author":2,"featured_media":0,"parent":0,"menu_order":0,"comment_status":"closed","ping_status":"closed","template":"","meta":{"footnotes":""},"class_list":["post-148","page","type-page","status-publish","hentry"],"acf":[],"_links":{"self":[{"href":"https:\/\/ideat.be\/fr\/wp-json\/wp\/v2\/pages\/148","targetHints":{"allow":["GET"]}}],"collection":[{"href":"https:\/\/ideat.be\/fr\/wp-json\/wp\/v2\/pages"}],"about":[{"href":"https:\/\/ideat.be\/fr\/wp-json\/wp\/v2\/types\/page"}],"author":[{"embeddable":true,"href":"https:\/\/ideat.be\/fr\/wp-json\/wp\/v2\/users\/2"}],"replies":[{"embeddable":true,"href":"https:\/\/ideat.be\/fr\/wp-json\/wp\/v2\/comments?post=148"}],"version-history":[{"count":1,"href":"https:\/\/ideat.be\/fr\/wp-json\/wp\/v2\/pages\/148\/revisions"}],"predecessor-version":[{"id":214,"href":"https:\/\/ideat.be\/fr\/wp-json\/wp\/v2\/pages\/148\/revisions\/214"}],"wp:attachment":[{"href":"https:\/\/ideat.be\/fr\/wp-json\/wp\/v2\/media?parent=148"}],"curies":[{"name":"wp","href":"https:\/\/api.w.org\/{rel}","templated":true}]}}